{"id":1047,"date":"2020-08-17T22:15:12","date_gmt":"2020-08-17T22:15:12","guid":{"rendered":"https:\/\/res-miramar.be\/restaurants-recommandes\/"},"modified":"2023-01-10T11:39:25","modified_gmt":"2023-01-10T11:39:25","slug":"restaurants-recommandes","status":"publish","type":"page","link":"https:\/\/res-miramar.be\/fr\/de-haan-le-coq\/restaurants-recommandes\/","title":{"rendered":"Restaurants recommand\u00e9s"},"content":{"rendered":"\t\t<div data-elementor-type=\"wp-page\" data-elementor-id=\"1047\" class=\"elementor elementor-1047 elementor-1016\">\n\t\t\t\t\t\t\t\t\t<section class=\"elementor-section elementor-top-section elementor-element elementor-element-0bf76cb elementor-section-boxed elementor-section-height-default elementor-section-height-default\" data-id=\"0bf76cb\" data-element_type=\"section\">\n\t\t\t\t\t\t<div class=\"elementor-container elementor-column-gap-default\">\n\t\t\t\t\t<div class=\"elementor-column elementor-col-100 elementor-top-column elementor-element elementor-element-db65aa9\" data-id=\"db65aa9\" data-element_type=\"column\">\n\t\t\t<div class=\"elementor-widget-wrap elementor-element-populated\">\n\t\t\t\t\t\t\t\t<div class=\"elementor-element elementor-element-61aaaf0 elementor-widget elementor-widget-spacer\" data-id=\"61aaaf0\" data-element_type=\"widget\" data-widget_type=\"spacer.default\">\n\t\t\t\t<div class=\"elementor-widget-container\">\n\t\t\t\t\t<div class=\"elementor-spacer\">\n\t\t\t<div class=\"elementor-spacer-inner\"><\/div>\n\t\t<\/div>\n\t\t\t\t<\/div>\n\t\t\t\t<\/div>\n\t\t\t\t<div class=\"elementor-element elementor-element-0e2e9e0 elementor-widget elementor-widget-spacer\" data-id=\"0e2e9e0\" data-element_type=\"widget\" data-widget_type=\"spacer.default\">\n\t\t\t\t<div class=\"elementor-widget-container\">\n\t\t\t\t\t<div class=\"elementor-spacer\">\n\t\t\t<div class=\"elementor-spacer-inner\"><\/div>\n\t\t<\/div>\n\t\t\t\t<\/div>\n\t\t\t\t<\/div>\n\t\t\t\t\t<\/div>\n\t\t<\/div>\n\t\t\t\t\t\t\t<\/div>\n\t\t<\/section>\n\t\t\t\t<section class=\"elementor-section elementor-top-section elementor-element elementor-element-183e2d5 elementor-section-boxed elementor-section-height-default elementor-section-height-default\" data-id=\"183e2d5\" data-element_type=\"section\">\n\t\t\t\t\t\t<div class=\"elementor-container elementor-column-gap-default\">\n\t\t\t\t\t<div class=\"elementor-column elementor-col-100 elementor-top-column elementor-element elementor-element-137678d\" data-id=\"137678d\" data-element_type=\"column\">\n\t\t\t<div class=\"elementor-widget-wrap elementor-element-populated\">\n\t\t\t\t\t\t\t\t<section class=\"elementor-section elementor-inner-section elementor-element elementor-element-9e16a52 elementor-section-boxed elementor-section-height-default elementor-section-height-default\" data-id=\"9e16a52\" data-element_type=\"section\">\n\t\t\t\t\t\t<div class=\"elementor-container elementor-column-gap-default\">\n\t\t\t\t\t<div class=\"elementor-column elementor-col-50 elementor-inner-column elementor-element elementor-element-dfd6e6a\" data-id=\"dfd6e6a\" data-element_type=\"column\">\n\t\t\t<div class=\"elementor-widget-wrap elementor-element-populated\">\n\t\t\t\t\t\t\t\t<div class=\"elementor-element elementor-element-e620aa6 elementor-view-default elementor-position-top elementor-widget elementor-widget-themo-header\" data-id=\"e620aa6\" data-element_type=\"widget\" data-widget_type=\"themo-header.default\">\n\t\t\t\t<div class=\"elementor-widget-container\">\n\t\t\t\t\t<div class=\"th-header-wrap\">\n        <div class=\"elementor-icon-box-wrapper \">\n                            <div class=\"elementor-icon-box-content\">\n                    <h1 class=\"elementor-icon-box-title\">\n                        Restaurants recommand\u00e9s                    <\/h1>\n                                            <span class=\"th-header-divider\"><\/span>\n                                        <p class=\"elementor-icon-box-description\">Le patron est au fourneau et la patronne supervise le service.  \r\nLa r\u00e9servation est n\u00e9cessaire.<\/p>\n\n                                    <\/div>\n            <\/div>\n\n        <\/div>\n\n\t\t\t\t<\/div>\n\t\t\t\t<\/div>\n\t\t\t\t\t<\/div>\n\t\t<\/div>\n\t\t\t\t<div class=\"elementor-column elementor-col-50 elementor-inner-column elementor-element elementor-element-e66ae14\" data-id=\"e66ae14\" data-element_type=\"column\">\n\t\t\t<div class=\"elementor-widget-wrap elementor-element-populated\">\n\t\t\t\t\t\t\t\t<div class=\"elementor-element elementor-element-dc1487e elementor-widget elementor-widget-themo-package\" data-id=\"dc1487e\" data-element_type=\"widget\" data-widget_type=\"themo-package.default\">\n\t\t\t\t<div class=\"elementor-widget-container\">\n\t\t\t\n        <article class=\"th-package\">\n\n                            <a class=\"th-pkg-click\" href=\"http:\/\/www.de-poldergeus.be\/\" target=\"_blank\" rel=\"noopener\"><\/a>\n            \n                            <div class=\"th-pkg-info\">\n                                                        <\/div>\n            \n                        <div class=\"th-pkg-img\">\n                                <img decoding=\"async\" loading=\"lazy\" width=\"394\" height=\"303\" src=\"https:\/\/res-miramar.be\/wp-content\/uploads\/2020\/08\/poldergeus-394x303.jpg\" class=\"\" alt=\"\" \/>            <\/div>\n\n            <div class=\"th-pkg-content\">\n                                    <div class=\"th-package-pre-title\">En dehors du centre<\/div>\n                                                    <h3>De Poldergeus <\/h3>\n                                                    <div class=\"th-package-content\">\n                        Nieuwe Steenweg 17, 8420 De Haan<br>\r\nR\u00e9servations par t\u00e9l\u00e9phone: 0032 59 23 37 72<br>\r\n<a href=\"mailto:info@de-poldergeus.be\">info@de-poldergeus.be<\/a>                    <\/div>\n                            <\/div>\n\n        <\/article>\n\n        \t\t<\/div>\n\t\t\t\t<\/div>\n\t\t\t\t\t<\/div>\n\t\t<\/div>\n\t\t\t\t\t\t\t<\/div>\n\t\t<\/section>\n\t\t\t\t<div class=\"elementor-element elementor-element-1b67572 elementor-widget elementor-widget-spacer\" data-id=\"1b67572\" data-element_type=\"widget\" data-widget_type=\"spacer.default\">\n\t\t\t\t<div class=\"elementor-widget-container\">\n\t\t\t\t\t<div class=\"elementor-spacer\">\n\t\t\t<div class=\"elementor-spacer-inner\"><\/div>\n\t\t<\/div>\n\t\t\t\t<\/div>\n\t\t\t\t<\/div>\n\t\t\t\t\t<\/div>\n\t\t<\/div>\n\t\t\t\t\t\t\t<\/div>\n\t\t<\/section>\n\t\t\t\t\t\t\t<\/div>\n\t\t","protected":false},"excerpt":{"rendered":"<p>Restaurants recommand\u00e9s Le patron est au fourneau et la patronne supervise le service. La r\u00e9servation est n\u00e9cessaire. En dehors du centre De Poldergeus Nieuwe Steenweg 17, 8420 De Haan R\u00e9servations par t\u00e9l\u00e9phone: 0032 59 23 37 72 info@de-poldergeus.be<\/p>\n","protected":false},"author":1,"featured_media":1020,"parent":821,"menu_order":0,"comment_status":"closed","ping_status":"closed","template":"","meta":{"footnotes":""},"_links":{"self":[{"href":"https:\/\/res-miramar.be\/fr\/wp-json\/wp\/v2\/pages\/1047"}],"collection":[{"href":"https:\/\/res-miramar.be\/fr\/wp-json\/wp\/v2\/pages"}],"about":[{"href":"https:\/\/res-miramar.be\/fr\/wp-json\/wp\/v2\/types\/page"}],"author":[{"embeddable":true,"href":"https:\/\/res-miramar.be\/fr\/wp-json\/wp\/v2\/users\/1"}],"replies":[{"embeddable":true,"href":"https:\/\/res-miramar.be\/fr\/wp-json\/wp\/v2\/comments?post=1047"}],"version-history":[{"count":5,"href":"https:\/\/res-miramar.be\/fr\/wp-json\/wp\/v2\/pages\/1047\/revisions"}],"predecessor-version":[{"id":2364,"href":"https:\/\/res-miramar.be\/fr\/wp-json\/wp\/v2\/pages\/1047\/revisions\/2364"}],"up":[{"embeddable":true,"href":"https:\/\/res-miramar.be\/fr\/wp-json\/wp\/v2\/pages\/821"}],"wp:featuredmedia":[{"embeddable":true,"href":"https:\/\/res-miramar.be\/fr\/wp-json\/wp\/v2\/media\/1020"}],"wp:attachment":[{"href":"https:\/\/res-miramar.be\/fr\/wp-json\/wp\/v2\/media?parent=1047"}],"curies":[{"name":"wp","href":"https:\/\/api.w.org\/{rel}","templated":true}]}}